{"id":2,"date":"2023-12-07T15:24:35","date_gmt":"2023-12-07T15:24:35","guid":{"rendered":"https:\/\/bodaeyd.wiklink.com\/english\/?page_id=2"},"modified":"2023-12-07T15:35:12","modified_gmt":"2023-12-07T15:35:12","slug":"venue","status":"publish","type":"page","link":"https:\/\/bodaeyd.wiklink.com\/english\/venue\/","title":{"rendered":"Venue"},"content":{"rendered":"\n<p>Hacienda Santo Cristo.<\/p>\n\n\n\n<p>Address: Paseo de Las Bugambilias 3118, Val de Cristo, 74293 Atlixco, Puebla.<\/p>\n\n\n\n<p>Phone Number: 244 688 3845<\/p>\n\n\n\n<p>Google Maps:\u00a0<a href=\"https:\/\/maps.app.goo.gl\/8J55BunupeshJri8A\">https:\/\/maps.app.goo.gl\/8J55BunupeshJri8A<\/a><\/p>\n\n\n\n<figure class=\"wp-block-image size-full\"><img loading=\"lazy\" decoding=\"async\" width=\"897\" height=\"529\" src=\"https:\/\/bodaeyd.wiklink.com\/english\/wp-content\/uploads\/2023\/12\/maps.jpg\" alt=\"\" class=\"wp-image-15\" srcset=\"https:\/\/bodaeyd.wiklink.com\/english\/wp-content\/uploads\/2023\/12\/maps.jpg 897w, https:\/\/bodaeyd.wiklink.com\/english\/wp-content\/uploads\/2023\/12\/maps-300x177.jpg 300w, https:\/\/bodaeyd.wiklink.com\/english\/wp-content\/uploads\/2023\/12\/maps-768x453.jpg 768w\" sizes=\"auto, (max-width: 897px) 100vw, 897px\" \/><\/figure>\n\n\n\n<p>A former colonial-style hacienda with more than 300 years of history; considered by the INAH as a historical monument.<\/p>\n\n\n\n<p>To understand its significance, let&#8217;s get to know a little about Altixco, whose name means &#8220;Water on the surface of the earth.&#8221; Before the arrival of the Spanish, this region belonged to two lordships: Calpan and Huaquechula.<\/p>\n\n\n\n<p>In 1519, with the arrival of the Spanish, they discovered the fertility of this valley, awakening their interest in settling in the site. By the year 1570, it gained its independence from the capital, calling it Villa de Carre\u00f3n, a town that produced wheat and flour.<\/p>\n\n\n\n<p>It is known that the first construction of the place was around 1540, little is recorded of the viceregal period, there is a record of the first owner of the hacienda in 1801, who was Don Juan S\u00e1nchez Vizca\u00edno, with the passage of time the owner changed and Starting in 1931, for testamentary reasons, Mrs. Josefina Pinz\u00f3n de Escobedo divided the property into two parts: \u201cRancho Cristo el Grande\u201d and \u201cRancho Cristo el Chico\u201d, which is the site that today houses the current Hacienda de Santo Cristo. For many years it was abandoned and its remodeling lasted more than three years, respecting its original appearance.<br>Currently it has become one of the most welcoming hotels and a place for large events<\/p>\n","protected":false},"excerpt":{"rendered":"<p>Hacienda Santo Cristo. Address: Paseo de Las Bugambilias 3118, Val de Cristo, 74293 Atlixco, Puebla. Phone Number: 244 688 3845<\/p>\n<p><span class=\"more-link\"><a href=\"https:\/\/bodaeyd.wiklink.com\/english\/venue\/\" class=\"readmore\">Continue reading<span class=\"screen-reader-text\">Venue<\/span><\/a><\/span><\/p>\n","protected":false},"author":1,"featured_media":17,"parent":0,"menu_order":0,"comment_status":"closed","ping_status":"open","template":"","meta":{"footnotes":""},"class_list":["post-2","page","type-page","status-publish","has-post-thumbnail","hentry"],"_links":{"self":[{"href":"https:\/\/bodaeyd.wiklink.com\/english\/wp-json\/wp\/v2\/pages\/2","targetHints":{"allow":["GET"]}}],"collection":[{"href":"https:\/\/bodaeyd.wiklink.com\/english\/wp-json\/wp\/v2\/pages"}],"about":[{"href":"https:\/\/bodaeyd.wiklink.com\/english\/wp-json\/wp\/v2\/types\/page"}],"author":[{"embeddable":true,"href":"https:\/\/bodaeyd.wiklink.com\/english\/wp-json\/wp\/v2\/users\/1"}],"replies":[{"embeddable":true,"href":"https:\/\/bodaeyd.wiklink.com\/english\/wp-json\/wp\/v2\/comments?post=2"}],"version-history":[{"count":2,"href":"https:\/\/bodaeyd.wiklink.com\/english\/wp-json\/wp\/v2\/pages\/2\/revisions"}],"predecessor-version":[{"id":16,"href":"https:\/\/bodaeyd.wiklink.com\/english\/wp-json\/wp\/v2\/pages\/2\/revisions\/16"}],"wp:featuredmedia":[{"embeddable":true,"href":"https:\/\/bodaeyd.wiklink.com\/english\/wp-json\/wp\/v2\/media\/17"}],"wp:attachment":[{"href":"https:\/\/bodaeyd.wiklink.com\/english\/wp-json\/wp\/v2\/media?parent=2"}],"curies":[{"name":"wp","href":"https:\/\/api.w.org\/{rel}","templated":true}]}}